{"id":1759,"date":"2025-04-23T14:15:05","date_gmt":"2025-04-23T14:15:05","guid":{"rendered":"https:\/\/congresso15.cmm.pt\/politica-de-privacidad\/"},"modified":"2025-07-30T10:33:03","modified_gmt":"2025-07-30T10:33:03","slug":"politica-de-privacidad","status":"publish","type":"page","link":"https:\/\/congresso15.cmm.pt\/es\/politica-de-privacidad\/","title":{"rendered":"Pol\u00edtica de privacidad"},"content":{"rendered":"<p>[et_pb_section fb_built=\u00bb1&#8243; custom_padding_last_edited=\u00bboff|desktop\u00bb admin_label=\u00bbHero\u00bb _builder_version=\u00bb4.27.4&#8243; use_background_color_gradient=\u00bbon\u00bb background_color_gradient_stops=\u00bbgcid-5dbd214d-e006-4f90-9ffe-993abd176003 0%|gcid-adb69198-e3ff-412f-91c9-bffd69623065 100%\u00bb custom_margin=\u00bb|||\u00bb custom_padding=\u00bb100px||100px|\u00bb custom_padding_tablet=\u00bb130px||130px|\u00bb global_colors_info=\u00bb{%22gcid-5dbd214d-e006-4f90-9ffe-993abd176003%22:%91%22background_color_gradient_stops%22%93,%22gcid-adb69198-e3ff-412f-91c9-bffd69623065%22:%91%22background_color_gradient_stops%22%93}\u00bb][et_pb_row admin_label=\u00bbt\u00edtulo e ilustraci\u00f3n\u00bb _builder_version=\u00bb4.16&#8243; background_size=\u00bbinitial\u00bb background_position=\u00bbtop_left\u00bb background_repeat=\u00bbrepeat\u00bb custom_margin=\u00bb|||\u00bb global_colors_info=\u00bb{}\u00bb][et_pb_column type=\u00bb4_4&#8243; _builder_version=\u00bb4.16&#8243; custom_padding=\u00bb|||\u00bb global_colors_info=\u00bb{}\u00bb custom_padding__hover=\u00bb|||\u00bb][et_pb_text _builder_version=\u00bb4.16&#8243; header_font=\u00bbMerriweather|700|||||||\u00bb header_font_size=\u00bb46px\u00bb header_line_height=\u00bb1.3em\u00bb custom_margin=\u00bb||0px|\u00bb animation_style=\u00bbflip\u00bb animation_direction=\u00bbtop\u00bb global_colors_info=\u00bb{}\u00bb]<\/p>\n<h1 style=\"text-align: center;\"><span style=\"color: #ffffff;\">Pol\u00edtica de privacidad<\/span><\/h1>\n<p>[\/et_pb_text][et_pb_divider color=\u00bbgcid-11f9b122-e9c0-482b-a959-1714baa342ba\u00bb divider_position=\u00bbcenter\u00bb divider_weight=\u00bb2px\u00bb _builder_version=\u00bb4.27.4&#8243; max_width=\u00bb90px\u00bb max_width_tablet=\u00bb12%\u00bb max_width_last_edited=\u00bboff|desktop\u00bb module_alignment=\u00bbcenter\u00bb custom_margin=\u00bb|||\u00bb animation_style=\u00bbflip\u00bb animation_delay=\u00bb100ms\u00bb locked=\u00bboff\u00bb global_colors_info=\u00bb{%22gcid-11f9b122-e9c0-482b-a959-1714baa342ba%22:%91%22color%22%93}\u00bb][\/et_pb_divider][\/et_pb_column][\/et_pb_row][\/et_pb_section][et_pb_section fb_built=\u00bb1&#8243; admin_label=\u00bbSpeakers\u00bb _builder_version=\u00bb4.16&#8243; custom_padding=\u00bb60px||90px|||\u00bb animation_style=\u00bbzoom\u00bb animation_intensity_zoom=\u00bb10%\u00bb global_colors_info=\u00bb{}\u00bb][et_pb_row _builder_version=\u00bb4.27.4&#8243; min_height=\u00bb1537px\u00bb custom_margin=\u00bb|||\u00bb custom_padding=\u00bb7px|0px|40px|0px||\u00bb global_colors_info=\u00bb{}\u00bb][et_pb_column type=\u00bb4_4&#8243; _builder_version=\u00bb4.16&#8243; custom_padding=\u00bb|||\u00bb global_colors_info=\u00bb{}\u00bb custom_padding__hover=\u00bb|||\u00bb][et_pb_text _builder_version=\u00bb4.27.4&#8243; _module_preset=\u00bbdefault\u00bb text_line_height=\u00bb2.2em\u00bb global_colors_info=\u00bb{}\u00bb]<\/p>\n<h2 class=\"wp-block-heading\">Qui\u00e9nes somos<\/h2>\n<p><span style=\"font-size: medium;\">La direcci\u00f3n de nuestro sitio web es: https:\/\/congresso15.cmm.pt.<\/span><\/p>\n<h2 class=\"wp-block-heading\"><\/h2>\n<h2 class=\"wp-block-heading\"><\/h2>\n<h2 class=\"wp-block-heading\">Comentarios<\/h2>\n<p><span style=\"font-size: medium;\">Cuando los visitantes dejan comentarios en el sitio, se guardan los datos contenidos en el formulario de comentarios, as\u00ed como la direcci\u00f3n IP y el agente de usuario del navegador, para ayudar a detectar el spam.<\/span><\/p>\n<p><span style=\"font-size: medium;\">Se puede enviar una cadena anonimizada creada a partir de tu direcci\u00f3n de correo electr\u00f3nico (tambi\u00e9n llamada hash) al servicio Gravatar para verificar que lo est\u00e1s utilizando. La pol\u00edtica de privacidad del servicio Gravatar est\u00e1 disponible aqu\u00ed: https:\/\/automattic.com\/privacy\/. Una vez aprobado tu comentario, tu foto de perfil ser\u00e1 visible para el p\u00fablico en el contexto de tu comentario. <\/span><\/p>\n<h2 class=\"wp-block-heading\"><\/h2>\n<h2 class=\"wp-block-heading\"><\/h2>\n<h2 class=\"wp-block-heading\">Multimedia<\/h2>\n<p><span style=\"font-size: medium;\">Al subir im\u00e1genes al sitio, debes evitar subir im\u00e1genes con datos de geolocalizaci\u00f3n incrustados (EXIF GPS). Los visitantes pueden descargar y extraer datos de geolocalizaci\u00f3n de las im\u00e1genes del sitio. <\/span><\/p>\n<h2 class=\"wp-block-heading\"><\/h2>\n<h2 class=\"wp-block-heading\"><\/h2>\n<h2 class=\"wp-block-heading\">Cookies<\/h2>\n<p><span style=\"font-size: medium;\">Si dejas un comentario en nuestro sitio, puedes elegir guardar tu nombre, direcci\u00f3n de correo electr\u00f3nico y sitio web en cookies. Esto es para tu comodidad, para que no tengas que volver a rellenar tus datos cuando dejes otro comentario. Estas cookies durar\u00e1n un a\u00f1o.  <\/span><\/p>\n<p><span style=\"font-size: medium;\">Si visitas la p\u00e1gina de inicio de sesi\u00f3n, se crear\u00e1 una cookie temporal para determinar si tu navegador acepta cookies. Esta cookie no contiene datos personales y se borrar\u00e1 cuando cierres tu navegador. <\/span><\/p>\n<p><span style=\"font-size: medium;\">Cuando te conectes, se establecer\u00e1n algunas cookies para almacenar la informaci\u00f3n de tu sesi\u00f3n y tus opciones de visualizaci\u00f3n de la pantalla. Las cookies de inicio de sesi\u00f3n duran un a\u00f1o. Si seleccionas \u00bbRecordarme\u00bb, tu sesi\u00f3n persistir\u00e1 durante quince d\u00edas. Cuando cierres la sesi\u00f3n, se eliminar\u00e1n las cookies de inicio de sesi\u00f3n.   <\/span><\/p>\n<p><span style=\"font-size: medium;\">Si editas o publicas un art\u00edculo, se almacenar\u00e1 una cookie adicional en tu navegador. Esta cookie no incluye ning\u00fan dato personal, simplemente indica el ID de contenido del art\u00edculo que acabas de editar. Caduca al cabo de 1 d\u00eda.  <\/span><\/p>\n<h2 class=\"wp-block-heading\"><\/h2>\n<h2 class=\"wp-block-heading\"><\/h2>\n<h2 class=\"wp-block-heading\">Contenido incrustado de otros sitios<\/h2>\n<p><span style=\"font-size: medium;\">Los art\u00edculos de este sitio pueden incluir contenido incrustado (por ejemplo, v\u00eddeos, im\u00e1genes, art\u00edculos, etc.). El contenido incrustado de otros sitios se comporta como si el usuario estuviera visitando esos sitios. <\/span><\/p>\n<p><span style=\"font-size: medium;\">Este sitio puede recopilar datos sobre ti, utilizar cookies, incorporar seguimiento de terceros, controlar tus interacciones con \u00e9l, incluido el registro de interacciones con contenido incrustado si tienes una cuenta y has iniciado sesi\u00f3n en ese sitio.<\/span><\/p>\n<h2 class=\"wp-block-heading\"><\/h2>\n<h2 class=\"wp-block-heading\"><\/h2>\n<h2 class=\"wp-block-heading\">Con qui\u00e9n se comparten tus datos<\/h2>\n<p><span style=\"font-size: medium;\">Si solicitas un restablecimiento de contrase\u00f1a, tu direcci\u00f3n IP se incluir\u00e1 en el correo electr\u00f3nico de restablecimiento.<\/span><\/p>\n<h2 class=\"wp-block-heading\"><\/h2>\n<h2 class=\"wp-block-heading\"><\/h2>\n<h2 class=\"wp-block-heading\">Cu\u00e1nto tiempo se conservan tus datos<\/h2>\n<p><span style=\"font-size: medium;\">Si dejas un comentario, el comentario y sus metadatos se guardan indefinidamente. Esto es para que puedas reconocer y aprobar autom\u00e1ticamente cualquier comentario posterior, en lugar de ponerlos en una cola de moderaci\u00f3n. <\/span><\/p>\n<p><span style=\"font-size: medium;\">Para los usuarios que se registran en nuestro sitio (si los hay), almacenamos la informaci\u00f3n personal proporcionada en su perfil de usuario. Todos los usuarios pueden ver, editar o eliminar su informaci\u00f3n personal en cualquier momento (con la excepci\u00f3n de que no pueden cambiar su nombre de usuario). Los administradores del sitio tambi\u00e9n pueden ver y editar esta informaci\u00f3n.  <\/span><\/p>\n<h2 class=\"wp-block-heading\"><\/h2>\n<h2 class=\"wp-block-heading\"><\/h2>\n<h2 class=\"wp-block-heading\">Qu\u00e9 derechos tienes sobre tus datos<\/h2>\n<p><span style=\"font-size: medium;\">Si tienes una cuenta en este sitio, o has dejado comentarios, puedes solicitar recibir un archivo de exportaci\u00f3n con los datos personales almacenados sobre ti, incluidos los datos personales que hayas indicado. Tambi\u00e9n puedes solicitar que se eliminen los datos almacenados. Esto no incluye ning\u00fan dato personal que deba conservarse con fines administrativos, legales o de seguridad.  <\/span><\/p>\n<h2 class=\"wp-block-heading\"><\/h2>\n<h2 class=\"wp-block-heading\"><\/h2>\n<h2 class=\"wp-block-heading\">D\u00f3nde se env\u00edan tus datos<\/h2>\n<p><span style=\"font-size: medium;\">Los comentarios de los visitantes pueden ser comprobados por un servicio autom\u00e1tico de detecci\u00f3n de spam.<\/span><\/p>\n<p>[\/et_pb_text][\/et_pb_column][\/et_pb_row][\/et_pb_section][et_pb_section fb_built=\u00bb1&#8243; admin_label=\u00bbContact\u00bb _builder_version=\u00bb4.27.4&#8243; background_color=\u00bbgcid-5dbd214d-e006-4f90-9ffe-993abd176003&#8243; custom_margin=\u00bb||0px||false|false\u00bb custom_padding=\u00bb0px|0px|0px|0px\u00bb animation_style=\u00bbslide\u00bb animation_direction=\u00bbbottom\u00bb animation_intensity_slide=\u00bb20%\u00bb animation_starting_opacity=\u00bb100%\u00bb box_shadow_style=\u00bbpreset7&#8243; box_shadow_horizontal=\u00bb0px\u00bb box_shadow_vertical=\u00bb80px\u00bb box_shadow_spread=\u00bb-14px\u00bb box_shadow_color=\u00bb#ffffff\u00bb locked=\u00bbon\u00bb global_colors_info=\u00bb{%22gcid-5dbd214d-e006-4f90-9ffe-993abd176003%22:%91%22background_color%22%93}\u00bb][et_pb_row column_structure=\u00bb1_2,1_2&#8243; use_custom_gutter=\u00bbon\u00bb gutter_width=\u00bb1&#8243; make_equal=\u00bbon\u00bb admin_label=\u00bbContacto Fila\u00bb module_class=\u00bb et_pb_row_fullwidth\u00bb _builder_version=\u00bb4.27.4&#8243; width=\u00bb100%\u00bb width_tablet=\u00bb100%\u00bb width_phone=\u00bb100%\u00bb width_last_edited=\u00bbon|desktop\u00bb max_width=\u00bb100%\u00bb max_width_tablet=\u00bb100%\u00bb max_width_phone=\u00bb100%\u00bb max_width_last_edited=\u00bbon|desktop\u00bb custom_margin=\u00bb-40px|auto|-53px|auto|false|false\u00bb custom_margin_tablet=\u00bb|auto|-53px|auto|false|false\u00bb custom_margin_phone=\u00bb|auto|-53px|auto|false|false\u00bb custom_margin_last_edited=\u00bbon|desktop\u00bb custom_padding=\u00bb0px||0px||false|false\u00bb make_fullwidth=\u00bbon\u00bb locked=\u00bboff\u00bb global_colors_info=\u00bb{}\u00bb][et_pb_column type=\u00bb1_2&#8243; _builder_version=\u00bb4.16&#8243; background_color=\u00bbgcid-5dbd214d-e006-4f90-9ffe-993abd176003&#8243; custom_padding=\u00bb110px|8%|70px|12%\u00bb border_width_top=\u00bb50px\u00bb border_color_top=\u00bb#ffffff\u00bb global_colors_info=\u00bb{%22gcid-5dbd214d-e006-4f90-9ffe-993abd176003%22:%91%22background_color%22%93}\u00bb custom_padding__hover=\u00bb|||\u00bb][et_pb_text admin_label=\u00bbTitle\u00bb _builder_version=\u00bb4.16&#8243; text_font=\u00bb||||||||\u00bb header_font=\u00bb||||||||\u00bb header_2_font=\u00bbMontserrat|700|||||||\u00bb header_2_font_size=\u00bb40px\u00bb header_2_line_height=\u00bb1.3em\u00bb background_layout=\u00bbdark\u00bb module_alignment=\u00bbcenter\u00bb custom_margin=\u00bb20px|||\u00bb custom_padding=\u00bb|||\u00bb locked=\u00bboff\u00bb global_colors_info=\u00bb{}\u00bb]<\/p>\n<h2>\u00a1Inscr\u00edbete ya!<\/h2>\n<p>[\/et_pb_text][et_pb_text _builder_version=\u00bb4.27.4&#8243; text_font=\u00bb||||||||\u00bb text_text_color=\u00bbrgba(255,255,255,0.7)\u00bb text_font_size=\u00bb18px\u00bb text_line_height=\u00bb1.8em\u00bb header_font=\u00bb||||||||\u00bb background_layout=\u00bbdark\u00bb custom_margin=\u00bb16px|||\u00bb custom_padding=\u00bb||1px|||\u00bb global_colors_info=\u00bb{}\u00bb]<\/p>\n<p><span>Participa en el principal encuentro nacional dedicado a la innovaci\u00f3n, la sostenibilidad y la excelencia en los sectores.<\/span><\/p>\n<p>[\/et_pb_text][et_pb_button button_url=\u00bbhttps:\/\/congresso15.cmm.pt\/es\/?page_id=1752&#8243; button_text=\u00bbINSCR\u00cdBETE AQU\u00cd\u00bb _builder_version=\u00bb4.27.4&#8243; custom_button=\u00bbon\u00bb button_text_size=\u00bb16px\u00bb button_bg_color=\u00bbgcid-adb69198-e3ff-412f-91c9-bffd69623065&#8243; button_border_width=\u00bb8px\u00bb button_border_color=\u00bbgcid-adb69198-e3ff-412f-91c9-bffd69623065&#8243; button_border_radius=\u00bb0px\u00bb button_font=\u00bbMerriweather|700|||||||\u00bb button_icon=\u00bb&#x24;||divi||400&#8243; custom_margin=\u00bb50px|||\u00bb custom_padding=\u00bb||2px|||\u00bb custom_padding_last_edited=\u00bboff|desktop\u00bb global_colors_info=\u00bb{%22gcid-adb69198-e3ff-412f-91c9-bffd69623065%22:%91%22button_bg_color%22,%22button_border_color%22%93}\u00bb button_text_size__hover_enabled=\u00bboff\u00bb button_one_text_size__hover_enabled=\u00bboff\u00bb button_two_text_size__hover_enabled=\u00bboff\u00bb button_text_color__hover_enabled=\u00bboff\u00bb button_one_text_color__hover_enabled=\u00bboff\u00bb button_two_text_color__hover_enabled=\u00bboff\u00bb button_border_width__hover_enabled=\u00bboff\u00bb button_one_border_width__hover_enabled=\u00bboff\u00bb button_two_border_width__hover_enabled=\u00bboff\u00bb button_border_color__hover_enabled=\u00bboff\u00bb button_one_border_color__hover_enabled=\u00bboff\u00bb button_two_border_color__hover_enabled=\u00bboff\u00bb button_border_radius__hover_enabled=\u00bboff\u00bb button_one_border_radius__hover_enabled=\u00bboff\u00bb button_two_border_radius__hover_enabled=\u00bboff\u00bb button_letter_spacing__hover_enabled=\u00bboff\u00bb button_one_letter_spacing__hover_enabled=\u00bboff\u00bb button_two_letter_spacing__hover_enabled=\u00bboff\u00bb button_bg_color__hover_enabled=\u00bboff\u00bb button_one_bg_color__hover_enabled=\u00bboff\u00bb button_two_bg_color__hover_enabled=\u00bboff\u00bb][\/et_pb_button][\/et_pb_column][et_pb_column type=\u00bb1_2&#8243; _builder_version=\u00bb4.27.4&#8243; background_color=\u00bb#008aa8&#8243; custom_padding=\u00bb|5%||5%\u00bb global_colors_info=\u00bb{}\u00bb custom_padding__hover=\u00bb|||\u00bb][et_pb_contact_form captcha=\u00bboff\u00bb email=\u00bbcongresso@cmm.pt\u00bb title=\u00bbContacta con nosotros\u00bb custom_message=\u00bbNombre: %%Nome%%||et_pb_line_break_holder||Correo electr\u00f3nico: %%Email%%||et_pb_line_break_holder||Mensaje. %%Mensagem%% \u00bb success_message=\u00bbGracias por ponerte en contacto con nosotros. \u00a1Pronto nos pondremos en contacto contigo! \u00bb submit_button_text=\u00bbenv\u00eda\u00bb module_id=\u00bbet_pb_contact_form_0&#8243; _builder_version=\u00bb4.27.4&#8243; form_field_text_color=\u00bb#000000&#8243; title_font=\u00bbMerriweather|700|||||||\u00bb title_text_color=\u00bbgcid-adb69198-e3ff-412f-91c9-bffd69623065&#8243; title_font_size=\u00bb32px\u00bb title_line_height=\u00bb2.8em\u00bb form_field_font=\u00bb|500||on|||||\u00bb form_field_font_size=\u00bb14px\u00bb background_color=\u00bbgcid-5dbd214d-e006-4f90-9ffe-993abd176003&#8243; custom_button=\u00bbon\u00bb button_text_size=\u00bb14px\u00bb button_text_color=\u00bb#000000&#8243; button_bg_color=\u00bb#ffffff\u00bb button_border_width=\u00bb10px\u00bb button_border_color=\u00bb#ffffff\u00bb button_border_radius=\u00bb5px\u00bb button_letter_spacing=\u00bb1px\u00bb button_font=\u00bb|700||on|||||\u00bb button_icon=\u00bb&#xe076;||divi||400&#8243; button_on_hover=\u00bboff\u00bb button_custom_margin=\u00bb15px||||false|false\u00bb button_custom_padding=\u00bb0px||||false|false\u00bb text_orientation=\u00bbleft\u00bb max_width=\u00bb90%\u00bb max_width_tablet=\u00bb86%\u00bb max_width_phone=\u00bb84%\u00bb max_width_last_edited=\u00bbon|phone\u00bb module_alignment=\u00bbcenter\u00bb custom_margin=\u00bb50px||-463px|||\u00bb custom_padding=\u00bb|||\u00bb animation_direction=\u00bbright\u00bb custom_css_free_form=\u00bb.et-pb-contact-message p {||    font-size: 16px;||    line-height: 1.5em; ||    color: #FFFFFF;||}\u00bb border_radii=\u00bbon|5px|5px|5px|5px\u00bb border_color_all=\u00bb#ffffff\u00bb box_shadow_style=\u00bbpreset2&#8243; box_shadow_style_button=\u00bbpreset2&#8243; box_shadow_color_button=\u00bbrgba(0,0,0,0.71)\u00bb form_background_color=\u00bb#2f3186&#8243; global_colors_info=\u00bb{%22gcid-5dbd214d-e006-4f90-9ffe-993abd176003%22:%91%22background_color%22,%22background_color%22,%22background_color%22,%22background_color%22,%22background_color%22%93,%22gcid-adb69198-e3ff-412f-91c9-bffd69623065%22:%91%22title_text_color%22,%22title_text_color%22,%22title_text_color%22,%22title_text_color%22,%22title_text_color%22%93}\u00bb][et_pb_contact_field field_id=\u00bbNome\u00bb field_title=\u00bbNombre\u00bb _builder_version=\u00bb4.27.4&#8243; form_field_font=\u00bb|500|||||||\u00bb background_enable_color=\u00bboff\u00bb global_colors_info=\u00bb{}\u00bb button_text_size__hover_enabled=\u00bboff\u00bb button_one_text_size__hover_enabled=\u00bboff\u00bb button_two_text_size__hover_enabled=\u00bboff\u00bb button_text_color__hover_enabled=\u00bboff\u00bb button_one_text_color__hover_enabled=\u00bboff\u00bb button_two_text_color__hover_enabled=\u00bboff\u00bb button_border_width__hover_enabled=\u00bboff\u00bb button_one_border_width__hover_enabled=\u00bboff\u00bb button_two_border_width__hover_enabled=\u00bboff\u00bb button_border_color__hover_enabled=\u00bboff\u00bb button_one_border_color__hover_enabled=\u00bboff\u00bb button_two_border_color__hover_enabled=\u00bboff\u00bb button_border_radius__hover_enabled=\u00bboff\u00bb button_one_border_radius__hover_enabled=\u00bboff\u00bb button_two_border_radius__hover_enabled=\u00bboff\u00bb button_letter_spacing__hover_enabled=\u00bboff\u00bb button_one_letter_spacing__hover_enabled=\u00bboff\u00bb button_two_letter_spacing__hover_enabled=\u00bboff\u00bb button_bg_color__hover_enabled=\u00bboff\u00bb button_one_bg_color__hover_enabled=\u00bboff\u00bb button_two_bg_color__hover_enabled=\u00bboff\u00bb][\/et_pb_contact_field][et_pb_contact_field field_id=\u00bbEmail\u00bb field_title=\u00bbEnv\u00eda un correo electr\u00f3nico a\u00bb field_type=\u00bbemail\u00bb _builder_version=\u00bb4.27.4&#8243; form_field_font=\u00bb|500|||||||\u00bb global_colors_info=\u00bb{}\u00bb button_text_size__hover_enabled=\u00bboff\u00bb button_one_text_size__hover_enabled=\u00bboff\u00bb button_two_text_size__hover_enabled=\u00bboff\u00bb button_text_color__hover_enabled=\u00bboff\u00bb button_one_text_color__hover_enabled=\u00bboff\u00bb button_two_text_color__hover_enabled=\u00bboff\u00bb button_border_width__hover_enabled=\u00bboff\u00bb button_one_border_width__hover_enabled=\u00bboff\u00bb button_two_border_width__hover_enabled=\u00bboff\u00bb button_border_color__hover_enabled=\u00bboff\u00bb button_one_border_color__hover_enabled=\u00bboff\u00bb button_two_border_color__hover_enabled=\u00bboff\u00bb button_border_radius__hover_enabled=\u00bboff\u00bb button_one_border_radius__hover_enabled=\u00bboff\u00bb button_two_border_radius__hover_enabled=\u00bboff\u00bb button_letter_spacing__hover_enabled=\u00bboff\u00bb button_one_letter_spacing__hover_enabled=\u00bboff\u00bb button_two_letter_spacing__hover_enabled=\u00bboff\u00bb button_bg_color__hover_enabled=\u00bboff\u00bb button_one_bg_color__hover_enabled=\u00bboff\u00bb button_two_bg_color__hover_enabled=\u00bboff\u00bb][\/et_pb_contact_field][et_pb_contact_field field_id=\u00bbMensagem\u00bb field_title=\u00bbMensaje\u00bb field_type=\u00bbtext\u00bb fullwidth_field=\u00bbon\u00bb _builder_version=\u00bb4.27.4&#8243; form_field_font=\u00bb|500|||||||\u00bb background_color=\u00bbRGBA(255,255,255,0)\u00bb background_enable_color=\u00bbon\u00bb global_colors_info=\u00bb{}\u00bb button_text_size__hover_enabled=\u00bboff\u00bb button_one_text_size__hover_enabled=\u00bboff\u00bb button_two_text_size__hover_enabled=\u00bboff\u00bb button_text_color__hover_enabled=\u00bboff\u00bb button_one_text_color__hover_enabled=\u00bboff\u00bb button_two_text_color__hover_enabled=\u00bboff\u00bb button_border_width__hover_enabled=\u00bboff\u00bb button_one_border_width__hover_enabled=\u00bboff\u00bb button_two_border_width__hover_enabled=\u00bboff\u00bb button_border_color__hover_enabled=\u00bboff\u00bb button_one_border_color__hover_enabled=\u00bboff\u00bb button_two_border_color__hover_enabled=\u00bboff\u00bb button_border_radius__hover_enabled=\u00bboff\u00bb button_one_border_radius__hover_enabled=\u00bboff\u00bb button_two_border_radius__hover_enabled=\u00bboff\u00bb button_letter_spacing__hover_enabled=\u00bboff\u00bb button_one_letter_spacing__hover_enabled=\u00bboff\u00bb button_two_letter_spacing__hover_enabled=\u00bboff\u00bb button_bg_color__hover_enabled=\u00bboff\u00bb button_one_bg_color__hover_enabled=\u00bboff\u00bb button_two_bg_color__hover_enabled=\u00bboff\u00bb][\/et_pb_contact_field][\/et_pb_contact_form][et_pb_text _builder_version=\u00bb4.16&#8243; global_colors_info=\u00bb{}\u00bb][\/et_pb_text][\/et_pb_column][\/et_pb_row][\/et_pb_section]<\/p>\n","protected":false},"excerpt":{"rendered":"<p>Pol\u00edtica de privacidadQui\u00e9nes somos La direcci\u00f3n de nuestro sitio web es: https:\/\/congresso15.cmm.pt. Comentarios Cuando los visitantes dejan comentarios en el sitio, se guardan los datos contenidos en el formulario de comentarios, as\u00ed como la direcci\u00f3n IP y el agente de usuario del navegador, para ayudar a detectar el spam. Se puede enviar una cadena anonimizada [&hellip;]<\/p>\n","protected":false},"author":2,"featured_media":0,"parent":0,"menu_order":0,"comment_status":"closed","ping_status":"closed","template":"","meta":{"_et_pb_use_builder":"on","_et_pb_old_content":"","_et_gb_content_width":"","_view_id":"","footnotes":""},"class_list":["post-1759","page","type-page","status-publish","hentry"],"_links":{"self":[{"href":"https:\/\/congresso15.cmm.pt\/es\/wp-json\/wp\/v2\/pages\/1759","targetHints":{"allow":["GET"]}}],"collection":[{"href":"https:\/\/congresso15.cmm.pt\/es\/wp-json\/wp\/v2\/pages"}],"about":[{"href":"https:\/\/congresso15.cmm.pt\/es\/wp-json\/wp\/v2\/types\/page"}],"author":[{"embeddable":true,"href":"https:\/\/congresso15.cmm.pt\/es\/wp-json\/wp\/v2\/users\/2"}],"replies":[{"embeddable":true,"href":"https:\/\/congresso15.cmm.pt\/es\/wp-json\/wp\/v2\/comments?post=1759"}],"version-history":[{"count":4,"href":"https:\/\/congresso15.cmm.pt\/es\/wp-json\/wp\/v2\/pages\/1759\/revisions"}],"predecessor-version":[{"id":4198,"href":"https:\/\/congresso15.cmm.pt\/es\/wp-json\/wp\/v2\/pages\/1759\/revisions\/4198"}],"wp:attachment":[{"href":"https:\/\/congresso15.cmm.pt\/es\/wp-json\/wp\/v2\/media?parent=1759"}],"curies":[{"name":"wp","href":"https:\/\/api.w.org\/{rel}","templated":true}]}}