{"id":1962,"date":"2025-04-22T11:16:28","date_gmt":"2025-04-22T11:16:28","guid":{"rendered":"https:\/\/congresso15.cmm.pt\/fechas-e-instrucciones\/"},"modified":"2025-10-20T17:03:49","modified_gmt":"2025-10-20T17:03:49","slug":"fechas-e-instrucciones","status":"publish","type":"page","link":"https:\/\/congresso15.cmm.pt\/es\/fechas-e-instrucciones\/","title":{"rendered":"Fechas e instrucciones"},"content":{"rendered":"<p>[et_pb_section fb_built=\u00bb1&#8243; custom_padding_last_edited=\u00bbon|phone\u00bb admin_label=\u00bbhero section\u00bb _builder_version=\u00bb4.27.4&#8243; use_background_color_gradient=\u00bbon\u00bb background_color_gradient_stops=\u00bb#008aa8 0%|#ffffff 98%\u00bb background_color_gradient_start=\u00bb#ffffff\u00bb background_color_gradient_end=\u00bb#e7edf9&#8243; custom_margin=\u00bb|||\u00bb custom_padding=\u00bb100px||100px|||\u00bb custom_padding_tablet=\u00bb130px||130px|\u00bb custom_padding_phone=\u00bb0px||50px||false|false\u00bb global_colors_info=\u00bb{}\u00bb][et_pb_row custom_padding_last_edited=\u00bbon|phone\u00bb admin_label=\u00bbt\u00edtulo e ilustraci\u00f3n\u00bb _builder_version=\u00bb4.27.4&#8243; background_size=\u00bbinitial\u00bb background_position=\u00bbtop_left\u00bb background_repeat=\u00bbrepeat\u00bb custom_margin=\u00bb|||\u00bb custom_padding_tablet=\u00bb\u00bb custom_padding_phone=\u00bb50px||||false|false\u00bb global_colors_info=\u00bb{}\u00bb][et_pb_column type=\u00bb4_4&#8243; _builder_version=\u00bb4.16&#8243; custom_padding=\u00bb|||\u00bb global_colors_info=\u00bb{}\u00bb custom_padding__hover=\u00bb|||\u00bb][et_pb_text _builder_version=\u00bb4.27.4&#8243; text_font=\u00bb||||||||\u00bb header_font=\u00bbMerriweather|700|||||||\u00bb header_text_color=\u00bb#\u00bb header_font_size=\u00bb46px\u00bb header_line_height=\u00bb1.3em\u00bb custom_margin=\u00bb||0px|\u00bb animation_style=\u00bbflip\u00bb animation_direction=\u00bbtop\u00bb header_font_size_tablet=\u00bb46px\u00bb header_font_size_phone=\u00bb30px\u00bb header_font_size_last_edited=\u00bbon|phone\u00bb global_colors_info=\u00bb{}\u00bb]<\/p>\n<h1 style=\"text-align: center;\"><span style=\"color: #ffffff;\">Fechas e instrucciones de presentaci\u00f3n<\/span><\/h1>\n<p>[\/et_pb_text][et_pb_divider color=\u00bbgcid-11f9b122-e9c0-482b-a959-1714baa342ba\u00bb divider_position=\u00bbcenter\u00bb divider_weight=\u00bb2px\u00bb _builder_version=\u00bb4.27.4&#8243; max_width=\u00bb90px\u00bb max_width_tablet=\u00bb12%\u00bb max_width_last_edited=\u00bboff|desktop\u00bb module_alignment=\u00bbcenter\u00bb custom_margin=\u00bb|||\u00bb animation_style=\u00bbflip\u00bb animation_delay=\u00bb100ms\u00bb locked=\u00bboff\u00bb global_colors_info=\u00bb{%22gcid-11f9b122-e9c0-482b-a959-1714baa342ba%22:%91%22color%22%93}\u00bb][\/et_pb_divider][\/et_pb_column][\/et_pb_row][\/et_pb_section][et_pb_section fb_built=\u00bb1&#8243; custom_padding_last_edited=\u00bbon|phone\u00bb admin_label=\u00bbschedules section\u00bb _builder_version=\u00bb4.27.4&#8243; min_height=\u00bb344px\u00bb custom_padding=\u00bb60px||2px|||\u00bb custom_padding_tablet=\u00bb60px||2px|||\u00bb custom_padding_phone=\u00bb0px||2px||false|false\u00bb animation_style=\u00bbzoom\u00bb animation_intensity_zoom=\u00bb10%\u00bb global_colors_info=\u00bb{}\u00bb][et_pb_row admin_label=\u00bbFila\u00bb _builder_version=\u00bb4.27.4&#8243; custom_padding=\u00bb10px|0px|10px|0px\u00bb border_color_all=\u00bbgcid-11f9b122-e9c0-482b-a959-1714baa342ba\u00bb border_width_bottom=\u00bb3px\u00bb global_colors_info=\u00bb{%22gcid-11f9b122-e9c0-482b-a959-1714baa342ba%22:%91%22border_color_all%22%93}\u00bb][et_pb_column type=\u00bb4_4&#8243; _builder_version=\u00bb4.27.4&#8243; custom_padding=\u00bb|||\u00bb global_colors_info=\u00bb{}\u00bb custom_padding__hover=\u00bb|||\u00bb][et_pb_text _builder_version=\u00bb4.27.4&#8243; text_font=\u00bb||||||||\u00bb header_font=\u00bb||||||||\u00bb header_2_font=\u00bb|700|||||||\u00bb header_2_line_height=\u00bb1.4em\u00bb global_colors_info=\u00bb{}\u00bb]<\/p>\n<h2>presentaci\u00f3n de res\u00famenes<\/h2>\n<p>[\/et_pb_text][\/et_pb_column][\/et_pb_row][et_pb_row column_structure=\u00bb1_4,3_4&#8243; admin_label=\u00bbTiempo y altavoz\u00bb _builder_version=\u00bb4.27.4&#8243; min_height=\u00bb103px\u00bb custom_padding=\u00bb40px|0px|40px|0px\u00bb border_color_all=\u00bb#e1e3e5&#8243; border_width_top=\u00bb1px\u00bb global_colors_info=\u00bb{}\u00bb][et_pb_column type=\u00bb1_4&#8243; _builder_version=\u00bb4.16&#8243; custom_padding=\u00bb|||\u00bb global_colors_info=\u00bb{}\u00bb custom_padding__hover=\u00bb|||\u00bb][et_pb_blurb title=\u00bb15 de Julio de 2025&#8243; use_icon=\u00bbon\u00bb font_icon=\u00bb&#xf073;||fa||400&#8243; icon_color=\u00bb#a9aab7&#8243; icon_placement=\u00bbleft\u00bb image_icon_width=\u00bb24px\u00bb _builder_version=\u00bb4.27.4&#8243; header_font=\u00bb|||on|||||\u00bb header_font_size=\u00bb20px\u00bb header_letter_spacing=\u00bb1px\u00bb header_line_height=\u00bb24px\u00bb body_font=\u00bb||||||||\u00bb custom_margin=\u00bb|||\u00bb icon_font_size=\u00bb24px\u00bb global_colors_info=\u00bb{}\u00bb][\/et_pb_blurb][et_pb_blurb title=\u00bbEasyChair\u00bb url=\u00bbhttps:\/\/easychair.org\/account2\/signin?l=3623346742688343448&#8243; url_new_window=\u00bbon\u00bb use_icon=\u00bbon\u00bb font_icon=\u00bb&#xe0e3;||divi||400&#8243; icon_color=\u00bb#a9aab7&#8243; icon_placement=\u00bbleft\u00bb image_icon_width=\u00bb24px\u00bb _builder_version=\u00bb4.27.4&#8243; header_font=\u00bb|||on|||||\u00bb header_font_size=\u00bb20px\u00bb header_letter_spacing=\u00bb1px\u00bb header_line_height=\u00bb24px\u00bb body_font=\u00bb||||||||\u00bb body_font_size=\u00bb20px\u00bb custom_margin=\u00bb|||\u00bb icon_font_size=\u00bb24px\u00bb global_colors_info=\u00bb{}\u00bb][\/et_pb_blurb][\/et_pb_column][et_pb_column type=\u00bb3_4&#8243; _builder_version=\u00bb4.27.4&#8243; custom_padding=\u00bb|||\u00bb global_colors_info=\u00bb{}\u00bb custom_padding__hover=\u00bb|||\u00bb][et_pb_text _builder_version=\u00bb4.27.4&#8243; text_font=\u00bb||||||||\u00bb text_line_height=\u00bb1.8em\u00bb link_font=\u00bb||||||||\u00bb link_text_color=\u00bb#4646c4&#8243; header_font=\u00bb||||||||\u00bb header_3_font=\u00bbMerriweather|700|||||||\u00bb header_3_text_color=\u00bb#4646c4&#8243; header_3_line_height=\u00bb1.3em\u00bb custom_margin=\u00bb||20px|\u00bb global_colors_info=\u00bb{}\u00bb]<\/p>\n<h3><span style=\"color: #008aa8;\">Fecha l\u00edmite para env\u00edo de res\u00famenes<\/span><\/h3>\n<p>[\/et_pb_text][et_pb_toggle title=\u00bbNORMAS GENERALES\u00bb closed_toggle_background_color=\u00bb#ffffff\u00bb icon_color=\u00bbgcid-11f9b122-e9c0-482b-a959-1714baa342ba\u00bb open_icon_color=\u00bbgcid-11f9b122-e9c0-482b-a959-1714baa342ba\u00bb _builder_version=\u00bb4.27.4&#8243; title_font=\u00bb||||||||\u00bb title_font_size=\u00bb18px\u00bb title_line_height=\u00bb1.8em\u00bb body_font=\u00bb||||||||\u00bb body_font_size=\u00bb18px\u00bb body_line_height=\u00bb1.8em\u00bb custom_margin=\u00bb|||\u00bb custom_padding=\u00bb0px|0px|0px|0px\u00bb border_width_all=\u00bb0px\u00bb locked=\u00bboff\u00bb global_colors_info=\u00bb{%22gcid-11f9b122-e9c0-482b-a959-1714baa342ba%22:%91%22open_icon_color%22,%22icon_color%22%93}\u00bb]<\/p>\n<p>1 \u2013 Plataforma de env\u00edo: <a href=\"https:\/\/easychair.org\/conferences\/?conf=xvcmmiedf2025\" target=\"_blank\" rel=\"noopener\">EasyChair<\/a><\/p>\n<p>2 \u2013 L\u00edmite de palabras para el resumen: 300 palabras;<\/p>\n<p>3 \u2013 El resumen debe contener informaci\u00f3n sustancial sobre el contenido de la presentaci\u00f3n, incluidas las conclusiones;<\/p>\n<p>4 \u2013 Se considerar\u00e1n para la presentaci\u00f3n oral todas las comunicaciones relativas al an\u00e1lisis, comportamiento, dise\u00f1o y construcci\u00f3n de estructuras de acero, aluminio y estructuras mixtas de acero-hormig\u00f3n;<\/p>\n<p>5 &#8211; Los res\u00famenes deben ser enviados a trav\u00e9s de la plataforma <a href=\"https:\/\/easychair.org\/conferences\/?conf=xvcmmiedf2025\" target=\"_blank\" rel=\"noopener\">EasyChair<\/a> en <em>formato<\/em> <em>MSWord<\/em> (.doc) y <em>Portable Document Format<\/em> (.pdf), cargando los archivos y rellenando los campos necesarios. Los nombres de los archivos deben incluir las iniciales y el apellido del autor a contactar (ej. LSilva.doc);<\/p>\n<p>6 &#8211; La informaci\u00f3n de contacto de este autor (tel\u00e9fono y direcci\u00f3n de correo electr\u00f3nico) tambi\u00e9n debe incluirse en el archivo enviado.<\/p>\n<p><em><span>Descarga las plantilla aqu\u00ed:<\/span><\/em><\/p>\n<p><a href=\"https:\/\/congresso15.cmm.pt\/wp-content\/uploads\/2025\/06\/Plantilla_resumenes_XVCMM_ES_v2.docx\" target=\"_blank\" rel=\"noopener\">Resumen &#8211; ES<\/a><span> | <\/span><a href=\"https:\/\/congresso15.cmm.pt\/wp-content\/uploads\/2025\/05\/Plantilla_Articulos_XVCMM_ES.docx\" target=\"_blank\" rel=\"noopener\">Art\u00edculo<\/a><\/p>\n<p>Nota: Cada autor puede presentar un m\u00e1ximo de 2 ponencias.<\/p>\n<p>[\/et_pb_toggle][\/et_pb_column][\/et_pb_row][\/et_pb_section][et_pb_section fb_built=\u00bb1&#8243; custom_padding_last_edited=\u00bbon|phone\u00bb admin_label=\u00bbschedules section\u00bb _builder_version=\u00bb4.27.4&#8243; min_height=\u00bb378px\u00bb custom_padding=\u00bb60px||50px||false|false\u00bb custom_padding_tablet=\u00bb60px||47px|||\u00bb custom_padding_phone=\u00bb0px||47px||false|false\u00bb animation_style=\u00bbzoom\u00bb animation_intensity_zoom=\u00bb10%\u00bb global_colors_info=\u00bb{}\u00bb][et_pb_row _builder_version=\u00bb4.27.4&#8243; custom_padding=\u00bb10px|0px|10px|0px\u00bb border_color_all=\u00bbgcid-11f9b122-e9c0-482b-a959-1714baa342ba\u00bb border_width_bottom=\u00bb3px\u00bb locked=\u00bboff\u00bb global_colors_info=\u00bb{%22gcid-11f9b122-e9c0-482b-a959-1714baa342ba%22:%91%22border_color_all%22%93}\u00bb][et_pb_column type=\u00bb4_4&#8243; _builder_version=\u00bb4.16&#8243; custom_padding=\u00bb|||\u00bb global_colors_info=\u00bb{}\u00bb custom_padding__hover=\u00bb|||\u00bb][et_pb_text _builder_version=\u00bb4.16&#8243; text_font=\u00bb||||||||\u00bb text_text_color=\u00bb#21212a\u00bb header_font=\u00bb||||||||\u00bb header_2_font=\u00bb|700|||||||\u00bb header_2_line_height=\u00bb1.4em\u00bb global_colors_info=\u00bb{}\u00bb]<\/p>\n<h2>env\u00edo de art\u00edculos<\/h2>\n<p>[\/et_pb_text][\/et_pb_column][\/et_pb_row][et_pb_row column_structure=\u00bb1_4,3_4&#8243; admin_label=\u00bbTiempo y altavoz\u00bb _builder_version=\u00bb4.27.4&#8243; min_height=\u00bb312px\u00bb custom_margin=\u00bb-1px|auto|20px|auto|false|false\u00bb custom_padding=\u00bb40px|0px|10px|0px|false|false\u00bb border_color_all=\u00bb#e1e3e5&#8243; border_width_top=\u00bb1px\u00bb global_colors_info=\u00bb{}\u00bb][et_pb_column type=\u00bb1_4&#8243; _builder_version=\u00bb4.16&#8243; custom_padding=\u00bb|||\u00bb global_colors_info=\u00bb{}\u00bb custom_padding__hover=\u00bb|||\u00bb][et_pb_blurb title=\u00bb14 de septiembre de 2025&#8243; use_icon=\u00bbon\u00bb font_icon=\u00bb&#xf073;||fa||400&#8243; icon_color=\u00bb#a9aab7&#8243; icon_placement=\u00bbleft\u00bb image_icon_width=\u00bb24px\u00bb _builder_version=\u00bb4.27.4&#8243; header_font=\u00bb|||on|||||\u00bb header_font_size=\u00bb20px\u00bb header_letter_spacing=\u00bb1px\u00bb header_line_height=\u00bb24px\u00bb body_font=\u00bb||||||||\u00bb custom_margin=\u00bb|||\u00bb icon_font_size=\u00bb24px\u00bb locked=\u00bboff\u00bb global_colors_info=\u00bb{}\u00bb][\/et_pb_blurb][et_pb_blurb title=\u00bbEasyChair\u00bb url=\u00bbhttps:\/\/easychair.org\/account2\/signin?l=3623346742688343448&#8243; url_new_window=\u00bbon\u00bb use_icon=\u00bbon\u00bb font_icon=\u00bb&#xe0e3;||divi||400&#8243; icon_color=\u00bb#a9aab7&#8243; icon_placement=\u00bbleft\u00bb image_icon_width=\u00bb24px\u00bb _builder_version=\u00bb4.27.4&#8243; header_font=\u00bb|||on|||||\u00bb header_font_size=\u00bb20px\u00bb header_letter_spacing=\u00bb1px\u00bb header_line_height=\u00bb24px\u00bb body_font=\u00bb||||||||\u00bb body_font_size=\u00bb20px\u00bb custom_margin=\u00bb|||\u00bb icon_font_size=\u00bb24px\u00bb locked=\u00bboff\u00bb global_colors_info=\u00bb{}\u00bb][\/et_pb_blurb][\/et_pb_column][et_pb_column type=\u00bb3_4&#8243; _builder_version=\u00bb4.16&#8243; custom_padding=\u00bb|||\u00bb global_colors_info=\u00bb{}\u00bb custom_padding__hover=\u00bb|||\u00bb][et_pb_text _builder_version=\u00bb4.16&#8243; text_font=\u00bb||||||||\u00bb text_line_height=\u00bb1.8em\u00bb link_font=\u00bb||||||||\u00bb link_text_color=\u00bb#4646c4&#8243; header_font=\u00bb||||||||\u00bb header_3_font=\u00bbMerriweather|700|||||||\u00bb header_3_text_color=\u00bb#4646c4&#8243; header_3_line_height=\u00bb1.3em\u00bb custom_margin=\u00bb||20px|\u00bb global_colors_info=\u00bb{}\u00bb]<\/p>\n<h3><span style=\"color: #008aa8;\">Fecha l\u00edmite para env\u00edo de art\u00edculos<\/span><\/h3>\n<p>[\/et_pb_text][et_pb_toggle title=\u00bbNORMAS GENERALES\u00bb closed_toggle_background_color=\u00bb#ffffff\u00bb icon_color=\u00bbgcid-11f9b122-e9c0-482b-a959-1714baa342ba\u00bb open_icon_color=\u00bbgcid-11f9b122-e9c0-482b-a959-1714baa342ba\u00bb _builder_version=\u00bb4.27.4&#8243; title_font=\u00bb||||||||\u00bb title_font_size=\u00bb18px\u00bb title_line_height=\u00bb1.8em\u00bb body_font=\u00bb||||||||\u00bb body_font_size=\u00bb18px\u00bb body_line_height=\u00bb1.8em\u00bb custom_margin=\u00bb|||\u00bb custom_padding=\u00bb0px|0px|0px|0px\u00bb hover_enabled=\u00bb0&#8243; border_width_all=\u00bb0px\u00bb locked=\u00bboff\u00bb global_colors_info=\u00bb{%22gcid-11f9b122-e9c0-482b-a959-1714baa342ba%22:%91%22icon_color%22,%22open_icon_color%22%93}\u00bb sticky_enabled=\u00bb0&#8243;]<\/p>\n<p>1 &#8211; Plataforma de presentaci\u00f3n: <a href=\"https:\/\/easychair.org\/conferences\/?conf=xvcmmiedf2025\" target=\"_blank\" rel=\"noopener\">EasyChair<\/a><\/p>\n<p><em><span>Descarga la plantilla aqu\u00ed:<\/span><\/em><\/p>\n<p><a href=\"https:\/\/congresso15.cmm.pt\/wp-content\/uploads\/2025\/05\/Plantilla_Articulos_XVCMM_ES.docx\">Art\u00edculo &#8211; ES<\/a><\/p>\n<p>2 \u2013 Plantila Articulo PPT<\/p>\n<p><em><span>Descarga la plantilla aqu\u00ed:<\/span><\/em><\/p>\n<p><a href=\"https:\/\/congresso15.cmm.pt\/wp-content\/uploads\/2025\/10\/Template_XV_Congresso_PT.pptx\" target=\"_blank\" rel=\"noopener\">Template PPT &#8211; ES<\/a><\/p>\n<p>Nota: Cada autor puede presentar un m\u00e1ximo de 2 ponencias.<\/p>\n<p>[\/et_pb_toggle][\/et_pb_column][\/et_pb_row][\/et_pb_section]<\/p>\n","protected":false},"excerpt":{"rendered":"<p>Fechas e instrucciones de presentaci\u00f3npresentaci\u00f3n de res\u00famenesFecha l\u00edmite para env\u00edo de res\u00famenes1 \u2013 Plataforma de env\u00edo: EasyChair 2 \u2013 L\u00edmite de palabras para el resumen: 300 palabras; 3 \u2013 El resumen debe contener informaci\u00f3n sustancial sobre el contenido de la presentaci\u00f3n, incluidas las conclusiones; 4 \u2013 Se considerar\u00e1n para la presentaci\u00f3n oral todas las comunicaciones [&hellip;]<\/p>\n","protected":false},"author":2,"featured_media":0,"parent":0,"menu_order":0,"comment_status":"closed","ping_status":"closed","template":"","meta":{"_et_pb_use_builder":"on","_et_pb_old_content":"","_et_gb_content_width":"","_view_id":"","footnotes":""},"class_list":["post-1962","page","type-page","status-publish","hentry"],"_links":{"self":[{"href":"https:\/\/congresso15.cmm.pt\/es\/wp-json\/wp\/v2\/pages\/1962","targetHints":{"allow":["GET"]}}],"collection":[{"href":"https:\/\/congresso15.cmm.pt\/es\/wp-json\/wp\/v2\/pages"}],"about":[{"href":"https:\/\/congresso15.cmm.pt\/es\/wp-json\/wp\/v2\/types\/page"}],"author":[{"embeddable":true,"href":"https:\/\/congresso15.cmm.pt\/es\/wp-json\/wp\/v2\/users\/2"}],"replies":[{"embeddable":true,"href":"https:\/\/congresso15.cmm.pt\/es\/wp-json\/wp\/v2\/comments?post=1962"}],"version-history":[{"count":31,"href":"https:\/\/congresso15.cmm.pt\/es\/wp-json\/wp\/v2\/pages\/1962\/revisions"}],"predecessor-version":[{"id":5059,"href":"https:\/\/congresso15.cmm.pt\/es\/wp-json\/wp\/v2\/pages\/1962\/revisions\/5059"}],"wp:attachment":[{"href":"https:\/\/congresso15.cmm.pt\/es\/wp-json\/wp\/v2\/media?parent=1962"}],"curies":[{"name":"wp","href":"https:\/\/api.w.org\/{rel}","templated":true}]}}