{"id":2001,"date":"2025-04-11T15:07:18","date_gmt":"2025-04-11T15:07:18","guid":{"rendered":"https:\/\/congresso15.cmm.pt\/ponte-en-contacto-con\/"},"modified":"2025-07-31T12:30:01","modified_gmt":"2025-07-31T12:30:01","slug":"contactos","status":"publish","type":"page","link":"https:\/\/congresso15.cmm.pt\/es\/contactos\/","title":{"rendered":"Contactos"},"content":{"rendered":"<p>[et_pb_section fb_built=\u00bb1&#8243; custom_padding_last_edited=\u00bbon|phone\u00bb admin_label=\u00bbHero\u00bb _builder_version=\u00bb4.27.4&#8243; use_background_color_gradient=\u00bbon\u00bb background_color_gradient_stops=\u00bb#008aa8 0%|#ffffff 100%\u00bb custom_margin=\u00bb||-400px||false|false\u00bb custom_margin_tablet=\u00bb||-481px|||\u00bb custom_margin_phone=\u00bb||-481px|||\u00bb custom_margin_last_edited=\u00bbon|phone\u00bb custom_padding=\u00bb100px||120px||false|false\u00bb custom_padding_tablet=\u00bb130px||130px|\u00bb custom_padding_phone=\u00bb0px||176px||false|false\u00bb hover_enabled=\u00bb0&#8243; global_colors_info=\u00bb{}\u00bb sticky_enabled=\u00bb0&#8243;][et_pb_row custom_padding_last_edited=\u00bbon|phone\u00bb _builder_version=\u00bb4.27.4&#8243; background_size=\u00bbinitial\u00bb background_position=\u00bbtop_left\u00bb background_repeat=\u00bbrepeat\u00bb custom_margin=\u00bb|||\u00bb custom_margin_tablet=\u00bb|||\u00bb custom_margin_phone=\u00bb|||\u00bb custom_margin_last_edited=\u00bbon|phone\u00bb custom_padding=\u00bb||150px||false|false\u00bb custom_padding_tablet=\u00bb||150px||false|false\u00bb custom_padding_phone=\u00bb50px||0px||false|false\u00bb global_colors_info=\u00bb{}\u00bb][et_pb_column type=\u00bb4_4&#8243; _builder_version=\u00bb4.16&#8243; custom_padding=\u00bb|||\u00bb global_colors_info=\u00bb{}\u00bb custom_padding__hover=\u00bb|||\u00bb][et_pb_text _builder_version=\u00bb4.27.4&#8243; header_font=\u00bbMerriweather|700|||||||\u00bb header_font_size=\u00bb46px\u00bb header_line_height=\u00bb1.3em\u00bb custom_margin=\u00bb||0px|\u00bb animation_style=\u00bbflip\u00bb animation_direction=\u00bbtop\u00bb header_font_size_tablet=\u00bb46px\u00bb header_font_size_phone=\u00bb40px\u00bb header_font_size_last_edited=\u00bbon|phone\u00bb global_colors_info=\u00bb{}\u00bb]<\/p>\n<h1 style=\"text-align: center;\"><span style=\"color: #ffffff;\">Contacta con nosotros<\/span><\/h1>\n<p>[\/et_pb_text][et_pb_divider color=\u00bbgcid-11f9b122-e9c0-482b-a959-1714baa342ba\u00bb divider_position=\u00bbcenter\u00bb divider_weight=\u00bb2px\u00bb _builder_version=\u00bb4.27.4&#8243; max_width=\u00bb90px\u00bb max_width_tablet=\u00bb12%\u00bb max_width_last_edited=\u00bboff|desktop\u00bb module_alignment=\u00bbcenter\u00bb custom_margin=\u00bb|||\u00bb animation_style=\u00bbflip\u00bb animation_delay=\u00bb100ms\u00bb locked=\u00bboff\u00bb global_colors_info=\u00bb{%22gcid-11f9b122-e9c0-482b-a959-1714baa342ba%22:%91%22color%22%93}\u00bb][\/et_pb_divider][et_pb_text _builder_version=\u00bb4.27.4&#8243; text_font=\u00bb||||||||\u00bb text_font_size=\u00bb20px\u00bb text_line_height=\u00bb1.8em\u00bb custom_margin=\u00bb25px|||\u00bb animation_style=\u00bbflip\u00bb animation_direction=\u00bbtop\u00bb animation_delay=\u00bb100ms\u00bb text_font_size_tablet=\u00bb20px\u00bb text_font_size_phone=\u00bb18px\u00bb text_font_size_last_edited=\u00bbon|phone\u00bb text_line_height_tablet=\u00bb1.8em\u00bb text_line_height_phone=\u00bb1.6em\u00bb text_line_height_last_edited=\u00bbon|phone\u00bb global_colors_info=\u00bb{}\u00bb]<\/p>\n<p style=\"text-align: center;\"><span style=\"color: #ffffff;\">Para cualquier pregunta sobre la inscripci\u00f3n, el programa, la participaci\u00f3n como ponente o expositor, no dudes en ponerte en contacto con la organizaci\u00f3n. Nuestro equipo est\u00e1 a tu disposici\u00f3n para proporcionarte todo el apoyo necesario y garantizar que tu experiencia en el congreso sea la mejor posible. <\/span><\/p>\n<p>[\/et_pb_text][\/et_pb_column][\/et_pb_row][et_pb_row admin_label=\u00bbMapa\u00bb _builder_version=\u00bb4.16&#8243; max_width=\u00bb1700px\u00bb custom_padding=\u00bb0px|0px|0px|0px\u00bb use_custom_width=\u00bbon\u00bb custom_width_px=\u00bb1700px\u00bb global_colors_info=\u00bb{}\u00bb][et_pb_column type=\u00bb4_4&#8243; _builder_version=\u00bb4.16&#8243; custom_padding=\u00bb|||\u00bb global_colors_info=\u00bb{}\u00bb custom_padding__hover=\u00bb|||\u00bb][\/et_pb_column][\/et_pb_row][et_pb_row column_structure=\u00bb1_3,1_3,1_3&#8243; use_custom_gutter=\u00bbon\u00bb admin_label=\u00bbInformaci\u00f3n de contacto\u00bb _builder_version=\u00bb4.16&#8243; background_size=\u00bbinitial\u00bb background_position=\u00bbtop_center\u00bb background_repeat=\u00bbrepeat\u00bb custom_margin=\u00bb||100px|\u00bb custom_padding=\u00bb|||\u00bb global_colors_info=\u00bb{}\u00bb][et_pb_column type=\u00bb1_3&#8243; _builder_version=\u00bb4.16&#8243; custom_padding=\u00bb|||\u00bb custom_padding_tablet=\u00bb|||0px\u00bb custom_padding_last_edited=\u00bboff|desktop\u00bb global_colors_info=\u00bb{}\u00bb padding_tablet=\u00bb|||0px\u00bb padding_last_edited=\u00bboff|desktop\u00bb custom_padding__hover=\u00bb|||\u00bb][et_pb_blurb title=\u00bbEnv\u00eda un email a\u00bb use_icon=\u00bbon\u00bb font_icon=\u00bb&#xe076;||divi||400&#8243; image_icon_background_color=\u00bb#bcc2cd\u00bb image_icon_width=\u00bb30px\u00bb _builder_version=\u00bb4.27.4&#8243; header_font=\u00bbMerriweather|700|||||||\u00bb header_text_color=\u00bbgcid-5dbd214d-e006-4f90-9ffe-993abd176003&#8243; header_font_size=\u00bb20px\u00bb header_line_height=\u00bb2em\u00bb body_font=\u00bb||||||||\u00bb body_font_size=\u00bb16px\u00bb body_line_height=\u00bb1.8em\u00bb background_color=\u00bbrgba(255,255,255,0.74)\u00bb image_icon_custom_padding=\u00bb25px|25px|25px|25px|false|false\u00bb text_orientation=\u00bbcenter\u00bb custom_margin=\u00bb-100px|||\u00bb custom_margin_tablet=\u00bb0px|||\u00bb custom_margin_phone=\u00bb\u00bb custom_margin_last_edited=\u00bbon|tablet\u00bb custom_padding=\u00bb40px|30px|40px|30px\u00bb animation_style=\u00bbzoom\u00bb animation_intensity_zoom=\u00bb20%\u00bb hover_enabled=\u00bb0&#8243; border_color_all=\u00bb#e1e3e5&#8243; border_radii_image=\u00bbon|100%|100%|100%|100%\u00bb icon_font_size=\u00bb30px\u00bb use_circle=\u00bbon\u00bb circle_color=\u00bb#bcc2cd\u00bb global_colors_info=\u00bb{%22gcid-5dbd214d-e006-4f90-9ffe-993abd176003%22:%91%22header_text_color%22%93}\u00bb image_icon_background_color__sticky_enabled=\u00bb#7EBEC5&#8243; image_icon_background_color__sticky=\u00bb#7EBEC5&#8243; sticky_enabled=\u00bb0&#8243; border_radii=\u00bbon|40px|40px|40px|40px\u00bb]<\/p>\n<p>congresso@cmm.pt<\/p>\n<p>[\/et_pb_blurb][\/et_pb_column][et_pb_column type=\u00bb1_3&#8243; _builder_version=\u00bb4.16&#8243; custom_padding=\u00bb|||\u00bb custom_padding_tablet=\u00bb|0px||0px\u00bb custom_padding_last_edited=\u00bboff|desktop\u00bb global_colors_info=\u00bb{}\u00bb padding_tablet=\u00bb|0px||0px\u00bb padding_last_edited=\u00bboff|desktop\u00bb custom_padding__hover=\u00bb|||\u00bb][et_pb_blurb title=\u00bbDirecci\u00f3n\u00bb use_icon=\u00bbon\u00bb font_icon=\u00bb&#xe081;||divi||400&#8243; image_icon_background_color=\u00bb#bcc2cd\u00bb image_icon_width=\u00bb30px\u00bb _builder_version=\u00bb4.27.4&#8243; header_font=\u00bbMerriweather|700|||||||\u00bb header_text_color=\u00bbgcid-5dbd214d-e006-4f90-9ffe-993abd176003&#8243; header_font_size=\u00bb20px\u00bb header_line_height=\u00bb2em\u00bb body_font=\u00bb||||||||\u00bb body_font_size=\u00bb16px\u00bb body_line_height=\u00bb1.8em\u00bb background_color=\u00bbrgba(255,255,255,0.74)\u00bb image_icon_custom_padding=\u00bb25px|25px|25px|25px|false|false\u00bb text_orientation=\u00bbcenter\u00bb custom_margin=\u00bb-100px|||\u00bb custom_margin_tablet=\u00bb0px|||\u00bb custom_margin_phone=\u00bb\u00bb custom_margin_last_edited=\u00bbon|tablet\u00bb custom_padding=\u00bb40px|30px|40px|30px\u00bb animation_style=\u00bbzoom\u00bb animation_delay=\u00bb100ms\u00bb animation_intensity_zoom=\u00bb20%\u00bb hover_enabled=\u00bb0&#8243; border_color_all=\u00bb#e1e3e5&#8243; border_radii_image=\u00bbon|100%|100%|100%|100%\u00bb icon_font_size=\u00bb30px\u00bb use_circle=\u00bbon\u00bb circle_color=\u00bb#bcc2cd\u00bb global_colors_info=\u00bb{%22gcid-5dbd214d-e006-4f90-9ffe-993abd176003%22:%91%22header_text_color%22%93}\u00bb image_icon_background_color__sticky_enabled=\u00bb#7EBEC5&#8243; image_icon_background_color__sticky=\u00bb#7EBEC5&#8243; border_radii=\u00bbon|40px|40px|40px|40px\u00bb sticky_enabled=\u00bb0&#8243;]<\/p>\n<p>Coimbra iParque Lote 3<\/p>\n<p>[\/et_pb_blurb][\/et_pb_column][et_pb_column type=\u00bb1_3&#8243; _builder_version=\u00bb4.16&#8243; custom_padding=\u00bb|||\u00bb custom_padding_tablet=\u00bb|0px||\u00bb custom_padding_last_edited=\u00bboff|desktop\u00bb global_colors_info=\u00bb{}\u00bb padding_tablet=\u00bb|0px||\u00bb padding_last_edited=\u00bboff|desktop\u00bb custom_padding__hover=\u00bb|||\u00bb][et_pb_blurb title=\u00bbTel\u00e9fono\u00bb use_icon=\u00bbon\u00bb font_icon=\u00bb&#xe090;||divi||400&#8243; image_icon_background_color=\u00bb#bcc2cd\u00bb image_icon_width=\u00bb30px\u00bb _builder_version=\u00bb4.27.4&#8243; header_font=\u00bbMerriweather|700|||||||\u00bb header_text_color=\u00bbgcid-5dbd214d-e006-4f90-9ffe-993abd176003&#8243; header_font_size=\u00bb20px\u00bb header_line_height=\u00bb2em\u00bb body_font=\u00bb||||||||\u00bb body_font_size=\u00bb16px\u00bb body_line_height=\u00bb1.8em\u00bb background_color=\u00bbrgba(255,255,255,0.74)\u00bb image_icon_custom_padding=\u00bb25px|25px|25px|25px|false|false\u00bb text_orientation=\u00bbcenter\u00bb custom_margin=\u00bb-100px|||\u00bb custom_margin_tablet=\u00bb0px|||\u00bb custom_margin_phone=\u00bb\u00bb custom_margin_last_edited=\u00bbon|tablet\u00bb custom_padding=\u00bb40px|30px|40px|30px\u00bb animation_style=\u00bbzoom\u00bb animation_delay=\u00bb200ms\u00bb animation_intensity_zoom=\u00bb20%\u00bb hover_enabled=\u00bb0&#8243; border_color_all=\u00bb#e1e3e5&#8243; border_radii_image=\u00bbon|100%|100%|100%|100%\u00bb icon_font_size=\u00bb30px\u00bb use_circle=\u00bbon\u00bb circle_color=\u00bb#bcc2cd\u00bb global_colors_info=\u00bb{%22gcid-5dbd214d-e006-4f90-9ffe-993abd176003%22:%91%22header_text_color%22%93}\u00bb image_icon_background_color__sticky_enabled=\u00bb#7EBEC5&#8243; image_icon_background_color__sticky=\u00bb#7EBEC5&#8243; border_radii=\u00bbon|40px|40px|40px|40px\u00bb sticky_enabled=\u00bb0&#8243;]<\/p>\n<p>+351 239 098 422<\/p>\n<p>[\/et_pb_blurb][\/et_pb_column][\/et_pb_row][\/et_pb_section][et_pb_section fb_built=\u00bb1&#8243; _builder_version=\u00bb4.27.4&#8243; background_color=\u00bb#f5f9fb\u00bb min_height=\u00bb562.8px\u00bb custom_margin=\u00bb265px|||||\u00bb custom_padding=\u00bb0px|0px|0px|0px||\u00bb box_shadow_style=\u00bbpreset4&#8243; box_shadow_horizontal=\u00bb0px\u00bb box_shadow_vertical=\u00bb0px\u00bb box_shadow_color=\u00bb#e7edf9&#8243; box_shadow_position=\u00bbinner\u00bb global_colors_info=\u00bb{}\u00bb][et_pb_row admin_label=\u00bbContacto\u00bb _builder_version=\u00bb4.27.4&#8243; max_width=\u00bb700px\u00bb custom_margin=\u00bb0px||0px||false|false\u00bb custom_padding=\u00bb0px||||false|false\u00bb use_custom_width=\u00bbon\u00bb custom_width_px=\u00bb700px\u00bb locked=\u00bboff\u00bb global_colors_info=\u00bb{}\u00bb][et_pb_column type=\u00bb4_4&#8243; _builder_version=\u00bb4.16&#8243; custom_padding=\u00bb|||\u00bb global_colors_info=\u00bb{}\u00bb custom_padding__hover=\u00bb|||\u00bb][et_pb_text admin_label=\u00bbTitle\u00bb _builder_version=\u00bb4.27.4&#8243; text_font=\u00bb||||||||\u00bb header_font=\u00bb||||||||\u00bb header_2_font=\u00bbMerriweather|700|||||||\u00bb header_2_text_align=\u00bbcenter\u00bb header_2_font_size=\u00bb40px\u00bb header_2_line_height=\u00bb1.3em\u00bb max_width=\u00bb700px\u00bb module_alignment=\u00bbcenter\u00bb custom_margin=\u00bb40px||15px||false|false\u00bb global_colors_info=\u00bb{}\u00bb]<\/p>\n<h2>Env\u00edanos un <span style=\"color: #008aa8;\">email<\/span><\/h2>\n<p>[\/et_pb_text][et_pb_contact_form captcha=\u00bboff\u00bb success_message=\u00bbGracias por ponerte en contacto con nosotros. \u00a1Pronto nos pondremos en contacto contigo! \u00bb submit_button_text=\u00bbEnv\u00eda\u00bb module_id=\u00bbet_pb_contact_form_0&#8243; _builder_version=\u00bb4.27.4&#8243; form_field_background_color=\u00bb#ffffff\u00bb title_font=\u00bb||||||||\u00bb form_field_font=\u00bb||||||||\u00bb form_field_font_size=\u00bb16px\u00bb custom_button=\u00bbon\u00bb button_text_size=\u00bb14px\u00bb button_text_color=\u00bb#ffffff\u00bb button_bg_color=\u00bbgcid-11f9b122-e9c0-482b-a959-1714baa342ba\u00bb button_border_width=\u00bb8px\u00bb button_border_color=\u00bbgcid-11f9b122-e9c0-482b-a959-1714baa342ba\u00bb button_border_radius=\u00bb0px\u00bb button_letter_spacing=\u00bb1px\u00bb button_font=\u00bb|700||on|||||\u00bb button_icon=\u00bb&#x24;||divi||400&#8243; button_on_hover=\u00bboff\u00bb module_alignment=\u00bbcenter\u00bb custom_margin=\u00bb70px||0px||false|false\u00bb custom_padding=\u00bb|||\u00bb hover_enabled=\u00bb0&#8243; custom_css_free_form=\u00bb.et-pb-contact-message p {||    font-size: 16px;||    line-height: 1.5em; ||    color: #000000;||}\u00bb border_width_all=\u00bb1px\u00bb border_color_all=\u00bb#e1e3e5&#8243; form_background_color=\u00bb#ffffff\u00bb global_colors_info=\u00bb{%22gcid-11f9b122-e9c0-482b-a959-1714baa342ba%22:%91%22button_bg_color%22,%22button_border_color%22%93}\u00bb sticky_enabled=\u00bb0&#8243;][et_pb_contact_field field_id=\u00bbNome\u00bb field_title=\u00bbNombre\u00bb _builder_version=\u00bb4.27.4&#8243; global_colors_info=\u00bb{}\u00bb button_text_size__hover_enabled=\u00bboff\u00bb button_one_text_size__hover_enabled=\u00bboff\u00bb button_two_text_size__hover_enabled=\u00bboff\u00bb button_text_color__hover_enabled=\u00bboff\u00bb button_one_text_color__hover_enabled=\u00bboff\u00bb button_two_text_color__hover_enabled=\u00bboff\u00bb button_border_width__hover_enabled=\u00bboff\u00bb button_one_border_width__hover_enabled=\u00bboff\u00bb button_two_border_width__hover_enabled=\u00bboff\u00bb button_border_color__hover_enabled=\u00bboff\u00bb button_one_border_color__hover_enabled=\u00bboff\u00bb button_two_border_color__hover_enabled=\u00bboff\u00bb button_border_radius__hover_enabled=\u00bboff\u00bb button_one_border_radius__hover_enabled=\u00bboff\u00bb button_two_border_radius__hover_enabled=\u00bboff\u00bb button_letter_spacing__hover_enabled=\u00bboff\u00bb button_one_letter_spacing__hover_enabled=\u00bboff\u00bb button_two_letter_spacing__hover_enabled=\u00bboff\u00bb button_bg_color__hover_enabled=\u00bboff\u00bb button_one_bg_color__hover_enabled=\u00bboff\u00bb button_two_bg_color__hover_enabled=\u00bboff\u00bb][\/et_pb_contact_field][et_pb_contact_field field_id=\u00bbEmail\u00bb field_title=\u00bbEnv\u00eda un email a\u00bb field_type=\u00bbemail\u00bb _builder_version=\u00bb4.27.4&#8243; link_option_url=\u00bbmailto:congresso@cmm.pt\u00bb global_colors_info=\u00bb{}\u00bb button_text_size__hover_enabled=\u00bboff\u00bb button_one_text_size__hover_enabled=\u00bboff\u00bb button_two_text_size__hover_enabled=\u00bboff\u00bb button_text_color__hover_enabled=\u00bboff\u00bb button_one_text_color__hover_enabled=\u00bboff\u00bb button_two_text_color__hover_enabled=\u00bboff\u00bb button_border_width__hover_enabled=\u00bboff\u00bb button_one_border_width__hover_enabled=\u00bboff\u00bb button_two_border_width__hover_enabled=\u00bboff\u00bb button_border_color__hover_enabled=\u00bboff\u00bb button_one_border_color__hover_enabled=\u00bboff\u00bb button_two_border_color__hover_enabled=\u00bboff\u00bb button_border_radius__hover_enabled=\u00bboff\u00bb button_one_border_radius__hover_enabled=\u00bboff\u00bb button_two_border_radius__hover_enabled=\u00bboff\u00bb button_letter_spacing__hover_enabled=\u00bboff\u00bb button_one_letter_spacing__hover_enabled=\u00bboff\u00bb button_two_letter_spacing__hover_enabled=\u00bboff\u00bb button_bg_color__hover_enabled=\u00bboff\u00bb button_one_bg_color__hover_enabled=\u00bboff\u00bb button_two_bg_color__hover_enabled=\u00bboff\u00bb][\/et_pb_contact_field][et_pb_contact_field field_id=\u00bbMensagem\u00bb field_title=\u00bbMensaje\u00bb field_type=\u00bbtext\u00bb fullwidth_field=\u00bbon\u00bb _builder_version=\u00bb4.27.4&#8243; global_colors_info=\u00bb{}\u00bb button_text_size__hover_enabled=\u00bboff\u00bb button_one_text_size__hover_enabled=\u00bboff\u00bb button_two_text_size__hover_enabled=\u00bboff\u00bb button_text_color__hover_enabled=\u00bboff\u00bb button_one_text_color__hover_enabled=\u00bboff\u00bb button_two_text_color__hover_enabled=\u00bboff\u00bb button_border_width__hover_enabled=\u00bboff\u00bb button_one_border_width__hover_enabled=\u00bboff\u00bb button_two_border_width__hover_enabled=\u00bboff\u00bb button_border_color__hover_enabled=\u00bboff\u00bb button_one_border_color__hover_enabled=\u00bboff\u00bb button_two_border_color__hover_enabled=\u00bboff\u00bb button_border_radius__hover_enabled=\u00bboff\u00bb button_one_border_radius__hover_enabled=\u00bboff\u00bb button_two_border_radius__hover_enabled=\u00bboff\u00bb button_letter_spacing__hover_enabled=\u00bboff\u00bb button_one_letter_spacing__hover_enabled=\u00bboff\u00bb button_two_letter_spacing__hover_enabled=\u00bboff\u00bb button_bg_color__hover_enabled=\u00bboff\u00bb button_one_bg_color__hover_enabled=\u00bboff\u00bb button_two_bg_color__hover_enabled=\u00bboff\u00bb][\/et_pb_contact_field][\/et_pb_contact_form][et_pb_map address=\u00bbBusiness Center Leonardo da Vinci Coimbra iParque \u2013 Lote 3, 3040-540 Antanhol\u00bb address_lat=\u00bb40.1795705&#8243; address_lng=\u00bb-8.4661826&#8243; _builder_version=\u00bb4.27.4&#8243; _module_preset=\u00bbdefault\u00bb hover_enabled=\u00bb0&#8243; global_colors_info=\u00bb{}\u00bb custom_margin=\u00bb30px||40px||false|false\u00bb sticky_enabled=\u00bb0&#8243;][et_pb_map_pin title=\u00bbCMM\u00bb pin_address=\u00bbI-parque 2, 3040 Antanhol, Portugal\u00bb pin_address_lat=\u00bb40.179700488562&#8243; pin_address_lng=\u00bb-8.4661472046463&#8243; _builder_version=\u00bb4.27.4&#8243; _module_preset=\u00bbdefault\u00bb global_colors_info=\u00bb{}\u00bb][\/et_pb_map_pin][\/et_pb_map][\/et_pb_column][\/et_pb_row][\/et_pb_section][et_pb_section fb_built=\u00bb1&#8243; admin_label=\u00bbSubscribe\u00bb _builder_version=\u00bb4.27.4&#8243; background_color=\u00bbgcid-5dbd214d-e006-4f90-9ffe-993abd176003&#8243; background_blend=\u00bbsoft-light\u00bb custom_margin=\u00bb||-50px||false|false\u00bb custom_padding=\u00bb50px|0px|55px|0px|false|false\u00bb hover_enabled=\u00bb0&#8243; global_colors_info=\u00bb{%22gcid-5dbd214d-e006-4f90-9ffe-993abd176003%22:%91%22background_color%22%93}\u00bb custom_padding_last_edited=\u00bbon|desktop\u00bb custom_margin_last_edited=\u00bbon|desktop\u00bb sticky_enabled=\u00bb0&#8243; custom_padding_tablet=\u00bb50px|0px|55px|0px|false|false\u00bb custom_padding_phone=\u00bb50px|0px|55px|0px|false|false\u00bb custom_margin_tablet=\u00bb||-50px||false|false\u00bb custom_margin_phone=\u00bb||-50px||false|false\u00bb][et_pb_row _builder_version=\u00bb4.16&#8243; global_colors_info=\u00bb{}\u00bb][et_pb_column type=\u00bb4_4&#8243; _builder_version=\u00bb4.16&#8243; custom_padding=\u00bb|||\u00bb global_colors_info=\u00bb{}\u00bb custom_padding__hover=\u00bb|||\u00bb][et_pb_signup mailchimp_list=\u00bbCMM|bf92d5f0a3&#8243; first_name_field=\u00bboff\u00bb last_name_field=\u00bboff\u00bb success_message=\u00bb\u00a1Tu pedido se ha enviado correctamente!\u00bb title=\u00bbMantente al d\u00eda\u00bb button_text=\u00bbSuscr\u00edbete\u00bb description=\u00bb<\/p>\n<p>\u00a1Suscr\u00edbete a nuestro bolet\u00edn y mantente al d\u00eda de las \u00faltimas noticias del evento!<\/p>\n<p>\u00bb _builder_version=\u00bb4.27.4&#8243; form_field_background_color=\u00bbgcid-adb69198-e3ff-412f-91c9-bffd69623065&#8243; form_field_text_color=\u00bb#000000&#8243; form_field_focus_background_color=\u00bb#ffffff\u00bb form_field_focus_text_color=\u00bb#000000&#8243; header_font=\u00bbMerriweather|700|||||||\u00bb header_font_size=\u00bb40px\u00bb header_line_height=\u00bb1.3em\u00bb body_font=\u00bb||||||||\u00bb body_font_size=\u00bb18px\u00bb body_line_height=\u00bb1.8em\u00bb result_message_font=\u00bb||||||||\u00bb result_message_text_color=\u00bbgcid-heading-color\u00bb use_background_color=\u00bboff\u00bb custom_button=\u00bbon\u00bb button_text_size=\u00bb14px\u00bb button_text_color=\u00bb#000000&#8243; button_bg_color=\u00bbgcid-adb69198-e3ff-412f-91c9-bffd69623065&#8243; button_border_width=\u00bb8px\u00bb button_border_color=\u00bbgcid-adb69198-e3ff-412f-91c9-bffd69623065&#8243; button_border_radius=\u00bb0px\u00bb button_letter_spacing=\u00bb1px\u00bb button_font=\u00bb|700||on|||||\u00bb button_icon=\u00bb&#x24;||divi||400&#8243; button_on_hover=\u00bboff\u00bb border_radii_fields=\u00bbon||||\u00bb button_letter_spacing_hover=\u00bb1px\u00bb focus_background_color=\u00bb#ffffff\u00bb focus_text_color=\u00bb#ffffff\u00bb global_colors_info=\u00bb{%22gcid-adb69198-e3ff-412f-91c9-bffd69623065%22:%91%22form_field_background_color%22,%22button_bg_color%22,%22button_border_color%22%93,%22gcid-heading-color%22:%91%22result_message_text_color%22%93}\u00bb button_text_size__hover_enabled=\u00bboff\u00bb button_one_text_size__hover_enabled=\u00bboff\u00bb button_two_text_size__hover_enabled=\u00bboff\u00bb button_text_color__hover_enabled=\u00bboff\u00bb button_one_text_color__hover_enabled=\u00bboff\u00bb button_two_text_color__hover_enabled=\u00bboff\u00bb button_border_width__hover_enabled=\u00bboff\u00bb button_one_border_width__hover_enabled=\u00bboff\u00bb button_two_border_width__hover_enabled=\u00bboff\u00bb button_border_color__hover_enabled=\u00bboff\u00bb button_one_border_color__hover_enabled=\u00bboff\u00bb button_two_border_color__hover_enabled=\u00bboff\u00bb button_border_radius__hover_enabled=\u00bboff\u00bb button_one_border_radius__hover_enabled=\u00bboff\u00bb button_two_border_radius__hover_enabled=\u00bboff\u00bb button_letter_spacing__hover_enabled=\u00bbon\u00bb button_letter_spacing__hover=\u00bb1px\u00bb button_one_letter_spacing__hover_enabled=\u00bboff\u00bb button_two_letter_spacing__hover_enabled=\u00bboff\u00bb button_bg_color__hover_enabled=\u00bboff\u00bb button_one_bg_color__hover_enabled=\u00bboff\u00bb button_two_bg_color__hover_enabled=\u00bboff\u00bb][\/et_pb_signup][\/et_pb_column][\/et_pb_row][\/et_pb_section]<\/p>\n","protected":false},"excerpt":{"rendered":"<p>Contacta con nosotrosPara cualquier pregunta sobre la inscripci\u00f3n, el programa, la participaci\u00f3n como ponente o expositor, no dudes en ponerte en contacto con la organizaci\u00f3n. Nuestro equipo est\u00e1 a tu disposici\u00f3n para proporcionarte todo el apoyo necesario y garantizar que tu experiencia en el congreso sea la mejor posible. congresso@cmm.ptCoimbra iParque Lote 3+351 239 098 [&hellip;]<\/p>\n","protected":false},"author":2,"featured_media":0,"parent":0,"menu_order":0,"comment_status":"closed","ping_status":"closed","template":"","meta":{"_et_pb_use_builder":"on","_et_pb_old_content":"","_et_gb_content_width":"","_view_id":"","footnotes":""},"class_list":["post-2001","page","type-page","status-publish","hentry"],"_links":{"self":[{"href":"https:\/\/congresso15.cmm.pt\/es\/wp-json\/wp\/v2\/pages\/2001","targetHints":{"allow":["GET"]}}],"collection":[{"href":"https:\/\/congresso15.cmm.pt\/es\/wp-json\/wp\/v2\/pages"}],"about":[{"href":"https:\/\/congresso15.cmm.pt\/es\/wp-json\/wp\/v2\/types\/page"}],"author":[{"embeddable":true,"href":"https:\/\/congresso15.cmm.pt\/es\/wp-json\/wp\/v2\/users\/2"}],"replies":[{"embeddable":true,"href":"https:\/\/congresso15.cmm.pt\/es\/wp-json\/wp\/v2\/comments?post=2001"}],"version-history":[{"count":31,"href":"https:\/\/congresso15.cmm.pt\/es\/wp-json\/wp\/v2\/pages\/2001\/revisions"}],"predecessor-version":[{"id":4326,"href":"https:\/\/congresso15.cmm.pt\/es\/wp-json\/wp\/v2\/pages\/2001\/revisions\/4326"}],"wp:attachment":[{"href":"https:\/\/congresso15.cmm.pt\/es\/wp-json\/wp\/v2\/media?parent=2001"}],"curies":[{"name":"wp","href":"https:\/\/api.w.org\/{rel}","templated":true}]}}